{"id":1633,"date":"2022-09-10T12:36:41","date_gmt":"2022-09-10T12:36:41","guid":{"rendered":"https:\/\/ciri.la-studioweb.com\/?page_id=1633"},"modified":"2026-02-02T11:29:45","modified_gmt":"2026-02-02T14:29:45","slug":"nuestra-marca","status":"publish","type":"page","link":"https:\/\/karmanoutdoors.com\/index.php\/nuestra-marca\/","title":{"rendered":"Nosotros"},"content":{"rendered":"\t\t<div data-elementor-type=\"wp-page\" data-elementor-id=\"1633\" class=\"elementor elementor-1633\">\n\t\t\t\t<div class=\"elementor-element elementor-element-58aeede e-flex e-con-boxed lakit-col-width-auto-no e-container e-root-container elementor-top-section e-con e-parent\" data-id=\"58aeede\" data-element_type=\"container\" data-settings=\"{&quot;background_background&quot;:&quot;classic&quot;,&quot;background_motion_fx_motion_fx_scrolling&quot;:&quot;yes&quot;,&quot;background_motion_fx_translateY_effect&quot;:&quot;yes&quot;,&quot;background_motion_fx_translateY_speed&quot;:{&quot;unit&quot;:&quot;px&quot;,&quot;size&quot;:3,&quot;sizes&quot;:[]},&quot;background_motion_fx_translateY_affectedRange&quot;:{&quot;unit&quot;:&quot;%&quot;,&quot;size&quot;:&quot;&quot;,&quot;sizes&quot;:{&quot;start&quot;:20,&quot;end&quot;:80}},&quot;background_motion_fx_devices&quot;:[&quot;mobile&quot;,&quot;mobile_extra&quot;,&quot;tablet&quot;,&quot;laptop&quot;,&quot;desktop&quot;]}\">\n\t\t\t\t\t<div class=\"e-con-inner\">\n\t\t\t\t<div class=\"elementor-element elementor-element-c29d694 elementor-widget__width-initial e-transform e-transform elementor-invisible elementor-widget elementor-widget-heading\" data-id=\"c29d694\" data-element_type=\"widget\" data-settings=\"{&quot;_animation&quot;:&quot;lakitShortFadeInUp&quot;,&quot;_animation_delay&quot;:200,&quot;_transform_scale_effect&quot;:{&quot;unit&quot;:&quot;px&quot;,&quot;size&quot;:1,&quot;sizes&quot;:[]},&quot;_transform_translateX_effect&quot;:{&quot;unit&quot;:&quot;px&quot;,&quot;size&quot;:&quot;&quot;,&quot;sizes&quot;:[]},&quot;_transform_translateX_effect_laptop&quot;:{&quot;unit&quot;:&quot;px&quot;,&quot;size&quot;:&quot;&quot;,&quot;sizes&quot;:[]},&quot;_transform_translateX_effect_tablet&quot;:{&quot;unit&quot;:&quot;px&quot;,&quot;size&quot;:&quot;&quot;,&quot;sizes&quot;:[]},&quot;_transform_translateX_effect_mobile_extra&quot;:{&quot;unit&quot;:&quot;px&quot;,&quot;size&quot;:&quot;&quot;,&quot;sizes&quot;:[]},&quot;_transform_translateX_effect_mobile&quot;:{&quot;unit&quot;:&quot;px&quot;,&quot;size&quot;:&quot;&quot;,&quot;sizes&quot;:[]},&quot;_transform_translateY_effect&quot;:{&quot;unit&quot;:&quot;px&quot;,&quot;size&quot;:&quot;&quot;,&quot;sizes&quot;:[]},&quot;_transform_translateY_effect_laptop&quot;:{&quot;unit&quot;:&quot;px&quot;,&quot;size&quot;:&quot;&quot;,&quot;sizes&quot;:[]},&quot;_transform_translateY_effect_tablet&quot;:{&quot;unit&quot;:&quot;px&quot;,&quot;size&quot;:&quot;&quot;,&quot;sizes&quot;:[]},&quot;_transform_translateY_effect_mobile_extra&quot;:{&quot;unit&quot;:&quot;px&quot;,&quot;size&quot;:&quot;&quot;,&quot;sizes&quot;:[]},&quot;_transform_translateY_effect_mobile&quot;:{&quot;unit&quot;:&quot;px&quot;,&quot;size&quot;:&quot;&quot;,&quot;sizes&quot;:[]},&quot;_transform_scale_effect_laptop&quot;:{&quot;unit&quot;:&quot;px&quot;,&quot;size&quot;:&quot;&quot;,&quot;sizes&quot;:[]},&quot;_transform_scale_effect_tablet&quot;:{&quot;unit&quot;:&quot;px&quot;,&quot;size&quot;:&quot;&quot;,&quot;sizes&quot;:[]},&quot;_transform_scale_effect_mobile_extra&quot;:{&quot;unit&quot;:&quot;px&quot;,&quot;size&quot;:&quot;&quot;,&quot;sizes&quot;:[]},&quot;_transform_scale_effect_mobile&quot;:{&quot;unit&quot;:&quot;px&quot;,&quot;size&quot;:&quot;&quot;,&quot;sizes&quot;:[]}}\" data-widget_type=\"heading.default\">\n\t\t\t\t<div class=\"elementor-widget-container\">\n\t\t\t\t\t<h1 class=\"elementor-heading-title elementor-size-default\">\u00bfQui\u00e9nes somos?<\/h1>\t\t\t\t<\/div>\n\t\t\t\t<\/div>\n\t\t\t\t\t<\/div>\n\t\t\t\t<\/div>\n\t\t<div class=\"elementor-element elementor-element-d9b68b6 e-flex e-con-boxed lakit-col-width-auto-no e-container e-root-container elementor-top-section e-con e-parent\" data-id=\"d9b68b6\" data-element_type=\"container\">\n\t\t\t\t\t<div class=\"e-con-inner\">\n\t\t\t\t<div class=\"elementor-element elementor-element-cdd40c1 elementor-invisible elementor-widget elementor-widget-heading\" data-id=\"cdd40c1\" data-element_type=\"widget\" data-settings=\"{&quot;_animation&quot;:&quot;lakitShortFadeInUp&quot;,&quot;_animation_delay&quot;:200}\" data-widget_type=\"heading.default\">\n\t\t\t\t<div class=\"elementor-widget-container\">\n\t\t\t\t\t<h2 class=\"elementor-heading-title elementor-size-default\">Somos Karman Outdoors - Season 2026<\/h2>\t\t\t\t<\/div>\n\t\t\t\t<\/div>\n\t\t\t\t\t<\/div>\n\t\t\t\t<\/div>\n\t\t<div class=\"elementor-element elementor-element-be2a19c e-flex e-con-boxed lakit-col-width-auto-no e-container e-root-container elementor-top-section e-con e-parent\" data-id=\"be2a19c\" data-element_type=\"container\">\n\t\t\t\t\t<div class=\"e-con-inner\">\n\t\t<div class=\"elementor-element elementor-element-c3fd2fb e-con-full e-flex lakit-col-width-auto-no elementor-invisible e-container e-con e-child\" data-id=\"c3fd2fb\" data-element_type=\"container\" data-settings=\"{&quot;animation&quot;:&quot;lakitShortFadeInUp&quot;,&quot;animation_delay&quot;:200}\">\n\t\t\t\t<div class=\"elementor-element elementor-element-b194b9d elementor-widget elementor-widget-heading\" data-id=\"b194b9d\" data-element_type=\"widget\" data-widget_type=\"heading.default\">\n\t\t\t\t<div class=\"elementor-widget-container\">\n\t\t\t\t\t<h2 class=\"elementor-heading-title elementor-size-default\">Karman Outdoors<\/h2>\t\t\t\t<\/div>\n\t\t\t\t<\/div>\n\t\t\t\t<div class=\"elementor-element elementor-element-d1d5b5e elementor-widget elementor-widget-text-editor\" data-id=\"d1d5b5e\" data-element_type=\"widget\" data-widget_type=\"text-editor.default\">\n\t\t\t\t<div class=\"elementor-widget-container\">\n\t\t\t\t\t\t\t\t\t<p data-start=\"963\" data-end=\"1149\"><strong data-start=\"963\" data-end=\"982\">Karman Outdoors<\/strong> es una empresa especializada en la fabricaci\u00f3n de mobiliario de exterior en aluminio de alto rendimiento.<\/p><p data-start=\"1151\" data-end=\"1411\">Producimos sillones, reposeras, camastros, barras, banquetas y productos complementarios con estructuras de aluminio de <strong data-start=\"1271\" data-end=\"1290\">primera calidad<\/strong>, \u00edntegramente soldadas, lo que garantiza estabilidad estructural, resistencia mec\u00e1nica y \u00f3ptimo desempe\u00f1o en exteriores.<\/p>\t\t\t\t\t\t\t\t<\/div>\n\t\t\t\t<\/div>\n\t\t<div class=\"elementor-element elementor-element-09c7da9 e-con-full e-flex lakit-col-width-auto-no e-container e-con e-child\" data-id=\"09c7da9\" data-element_type=\"container\">\n\t\t\t\t<\/div>\n\t\t\t\t<\/div>\n\t\t<div class=\"elementor-element elementor-element-05e6b2f e-con-full e-flex lakit-col-width-auto-no elementor-invisible e-container e-con e-child\" data-id=\"05e6b2f\" data-element_type=\"container\" data-settings=\"{&quot;animation&quot;:&quot;lakitShortFadeInUp&quot;,&quot;animation_delay&quot;:200}\">\n\t\t\t\t<div class=\"elementor-element elementor-element-68da27e widget_full_right elementor-widget elementor-widget-spacer\" data-id=\"68da27e\" data-element_type=\"widget\" data-widget_type=\"spacer.default\">\n\t\t\t\t<div class=\"elementor-widget-container\">\n\t\t\t\t\t\t\t<div class=\"elementor-spacer\">\n\t\t\t<div class=\"elementor-spacer-inner\"><\/div>\n\t\t<\/div>\n\t\t\t\t\t\t<\/div>\n\t\t\t\t<\/div>\n\t\t\t\t<\/div>\n\t\t\t\t\t<\/div>\n\t\t\t\t<\/div>\n\t\t<div class=\"elementor-element elementor-element-077ddfe e-flex e-con-boxed lakit-col-width-auto-no e-container e-root-container elementor-top-section e-con e-parent\" data-id=\"077ddfe\" data-element_type=\"container\">\n\t\t\t\t\t<div class=\"e-con-inner\">\n\t\t<div class=\"elementor-element elementor-element-d9d1740 e-con-full e-flex lakit-col-width-auto-no elementor-invisible e-container e-con e-child\" data-id=\"d9d1740\" data-element_type=\"container\" data-settings=\"{&quot;animation&quot;:&quot;lakitShortFadeInUp&quot;,&quot;animation_delay&quot;:200}\">\n\t\t<div class=\"elementor-element elementor-element-9720c01 e-con-full e-flex lakit-col-width-auto-no e-container e-con e-child\" data-id=\"9720c01\" data-element_type=\"container\">\n\t\t\t\t<div class=\"elementor-element elementor-element-8b1ba01 widget_full_right e-transform elementor-widget elementor-widget-spacer\" data-id=\"8b1ba01\" data-element_type=\"widget\" data-settings=\"{&quot;_transform_translateX_effect&quot;:{&quot;unit&quot;:&quot;px&quot;,&quot;size&quot;:-438,&quot;sizes&quot;:[]},&quot;_transform_translateX_effect_laptop&quot;:{&quot;unit&quot;:&quot;px&quot;,&quot;size&quot;:&quot;&quot;,&quot;sizes&quot;:[]},&quot;_transform_translateX_effect_tablet&quot;:{&quot;unit&quot;:&quot;px&quot;,&quot;size&quot;:&quot;&quot;,&quot;sizes&quot;:[]},&quot;_transform_translateX_effect_mobile_extra&quot;:{&quot;unit&quot;:&quot;px&quot;,&quot;size&quot;:&quot;&quot;,&quot;sizes&quot;:[]},&quot;_transform_translateX_effect_mobile&quot;:{&quot;unit&quot;:&quot;px&quot;,&quot;size&quot;:&quot;&quot;,&quot;sizes&quot;:[]},&quot;_transform_translateY_effect&quot;:{&quot;unit&quot;:&quot;px&quot;,&quot;size&quot;:&quot;&quot;,&quot;sizes&quot;:[]},&quot;_transform_translateY_effect_laptop&quot;:{&quot;unit&quot;:&quot;px&quot;,&quot;size&quot;:&quot;&quot;,&quot;sizes&quot;:[]},&quot;_transform_translateY_effect_tablet&quot;:{&quot;unit&quot;:&quot;px&quot;,&quot;size&quot;:&quot;&quot;,&quot;sizes&quot;:[]},&quot;_transform_translateY_effect_mobile_extra&quot;:{&quot;unit&quot;:&quot;px&quot;,&quot;size&quot;:&quot;&quot;,&quot;sizes&quot;:[]},&quot;_transform_translateY_effect_mobile&quot;:{&quot;unit&quot;:&quot;px&quot;,&quot;size&quot;:&quot;&quot;,&quot;sizes&quot;:[]}}\" data-widget_type=\"spacer.default\">\n\t\t\t\t<div class=\"elementor-widget-container\">\n\t\t\t\t\t\t\t<div class=\"elementor-spacer\">\n\t\t\t<div class=\"elementor-spacer-inner\"><\/div>\n\t\t<\/div>\n\t\t\t\t\t\t<\/div>\n\t\t\t\t<\/div>\n\t\t\t\t<\/div>\n\t\t\t\t<\/div>\n\t\t<div class=\"elementor-element elementor-element-11e139a e-con-full e-flex lakit-col-width-auto-no elementor-invisible e-container e-con e-child\" data-id=\"11e139a\" data-element_type=\"container\" data-settings=\"{&quot;animation&quot;:&quot;lakitShortFadeInUp&quot;,&quot;animation_delay&quot;:200}\">\n\t\t\t\t<div class=\"elementor-element elementor-element-c8e0de2 elementor-widget elementor-widget-heading\" data-id=\"c8e0de2\" data-element_type=\"widget\" data-widget_type=\"heading.default\">\n\t\t\t\t<div class=\"elementor-widget-container\">\n\t\t\t\t\t<h2 class=\"elementor-heading-title elementor-size-default\">Aluminio Termolacado<\/h2>\t\t\t\t<\/div>\n\t\t\t\t<\/div>\n\t\t\t\t<div class=\"elementor-element elementor-element-50e2248 elementor-widget elementor-widget-text-editor\" data-id=\"50e2248\" data-element_type=\"widget\" data-widget_type=\"text-editor.default\">\n\t\t\t\t<div class=\"elementor-widget-container\">\n\t\t\t\t\t\t\t\t\t<p data-start=\"355\" data-end=\"642\">Cada pieza recibe un proceso de <strong data-start=\"387\" data-end=\"402\">termolacado<\/strong> de alto rendimiento, con <strong data-start=\"428\" data-end=\"456\">curado en horno a 210 \u00b0C<\/strong>, lo que garantiza una excelente adherencia del recubrimiento, una terminaci\u00f3n uniforme y una protecci\u00f3n superior frente a la corrosi\u00f3n, la humedad y las condiciones clim\u00e1ticas adversas.<\/p><p data-start=\"644\" data-end=\"903\">Este tratamiento no solo mejora la resistencia estructural del aluminio, sino que tambi\u00e9n asegura estabilidad del color, mayor vida \u00fatil y un acabado est\u00e9tico de alta calidad, ideal para mobiliario de exterior sometido a uso intensivo y exposici\u00f3n permanente.<\/p>\t\t\t\t\t\t\t\t<\/div>\n\t\t\t\t<\/div>\n\t\t\t\t<\/div>\n\t\t\t\t\t<\/div>\n\t\t\t\t<\/div>\n\t\t<div class=\"elementor-element elementor-element-d0765ab e-flex e-con-boxed lakit-col-width-auto-no e-container e-root-container elementor-top-section e-con e-parent\" data-id=\"d0765ab\" data-element_type=\"container\" data-settings=\"{&quot;background_background&quot;:&quot;classic&quot;}\">\n\t\t\t\t\t<div class=\"e-con-inner\">\n\t\t<div class=\"elementor-element elementor-element-9f55960 e-con-full e-flex lakit-col-width-auto-no elementor-invisible e-container e-con e-child\" data-id=\"9f55960\" data-element_type=\"container\" data-settings=\"{&quot;animation&quot;:&quot;lakitShortFadeInUp&quot;,&quot;animation_delay&quot;:200}\">\n\t\t\t\t<div class=\"elementor-element elementor-element-3a1bcbf widget_full_right e-transform elementor-widget elementor-widget-spacer\" data-id=\"3a1bcbf\" data-element_type=\"widget\" data-settings=\"{&quot;_transform_translateX_effect&quot;:{&quot;unit&quot;:&quot;px&quot;,&quot;size&quot;:-386,&quot;sizes&quot;:[]},&quot;_transform_translateX_effect_laptop&quot;:{&quot;unit&quot;:&quot;px&quot;,&quot;size&quot;:&quot;&quot;,&quot;sizes&quot;:[]},&quot;_transform_translateX_effect_tablet&quot;:{&quot;unit&quot;:&quot;px&quot;,&quot;size&quot;:&quot;&quot;,&quot;sizes&quot;:[]},&quot;_transform_translateX_effect_mobile_extra&quot;:{&quot;unit&quot;:&quot;px&quot;,&quot;size&quot;:&quot;&quot;,&quot;sizes&quot;:[]},&quot;_transform_translateX_effect_mobile&quot;:{&quot;unit&quot;:&quot;px&quot;,&quot;size&quot;:&quot;&quot;,&quot;sizes&quot;:[]},&quot;_transform_translateY_effect&quot;:{&quot;unit&quot;:&quot;px&quot;,&quot;size&quot;:&quot;&quot;,&quot;sizes&quot;:[]},&quot;_transform_translateY_effect_laptop&quot;:{&quot;unit&quot;:&quot;px&quot;,&quot;size&quot;:&quot;&quot;,&quot;sizes&quot;:[]},&quot;_transform_translateY_effect_tablet&quot;:{&quot;unit&quot;:&quot;px&quot;,&quot;size&quot;:&quot;&quot;,&quot;sizes&quot;:[]},&quot;_transform_translateY_effect_mobile_extra&quot;:{&quot;unit&quot;:&quot;px&quot;,&quot;size&quot;:&quot;&quot;,&quot;sizes&quot;:[]},&quot;_transform_translateY_effect_mobile&quot;:{&quot;unit&quot;:&quot;px&quot;,&quot;size&quot;:&quot;&quot;,&quot;sizes&quot;:[]}}\" data-widget_type=\"spacer.default\">\n\t\t\t\t<div class=\"elementor-widget-container\">\n\t\t\t\t\t\t\t<div class=\"elementor-spacer\">\n\t\t\t<div class=\"elementor-spacer-inner\"><\/div>\n\t\t<\/div>\n\t\t\t\t\t\t<\/div>\n\t\t\t\t<\/div>\n\t\t\t\t<\/div>\n\t\t<div class=\"elementor-element elementor-element-472a741 e-con-full e-flex lakit-col-width-auto-no elementor-invisible e-container e-con e-child\" data-id=\"472a741\" data-element_type=\"container\" data-settings=\"{&quot;animation&quot;:&quot;lakitShortFadeInUp&quot;,&quot;animation_delay&quot;:200}\">\n\t\t\t\t<div class=\"elementor-element elementor-element-6db7cf9 elementor-widget elementor-widget-heading\" data-id=\"6db7cf9\" data-element_type=\"widget\" data-widget_type=\"heading.default\">\n\t\t\t\t<div class=\"elementor-widget-container\">\n\t\t\t\t\t<h2 class=\"elementor-heading-title elementor-size-default\">Telas Nauticas Vinilicas\n<\/h2>\t\t\t\t<\/div>\n\t\t\t\t<\/div>\n\t\t\t\t<div class=\"elementor-element elementor-element-8b83c1b elementor-widget__width-initial elementor-widget elementor-widget-text-editor\" data-id=\"8b83c1b\" data-element_type=\"widget\" data-widget_type=\"text-editor.default\">\n\t\t\t\t<div class=\"elementor-widget-container\">\n\t\t\t\t\t\t\t\t\t<p>Nuestros productos incorporan telas n\u00e1uticas vinilicas, dise\u00f1adas para soportar exposici\u00f3n prolongada a rayos UV, humedad, agua y cloro, manteniendo su color, textura y confort a lo largo del tiempo.<\/p>\t\t\t\t\t\t\t\t<\/div>\n\t\t\t\t<\/div>\n\t\t\t\t<\/div>\n\t\t\t\t\t<\/div>\n\t\t\t\t<\/div>\n\t\t<div class=\"elementor-element elementor-element-316f2cd e-con-full e-flex lakit-col-width-auto-no e-container e-root-container elementor-top-section e-con e-parent\" data-id=\"316f2cd\" data-element_type=\"container\">\n\t\t\t\t<div class=\"elementor-element elementor-element-77cf67f lakit-arrow--showonhover-no lakit-dots--vertical-no elementor-widget lastudio-kit elementor-lakit-advanced-carousel\" data-id=\"77cf67f\" data-element_type=\"widget\" data-widget_type=\"lakit-advanced-carousel.default\">\n\t\t\t\t\t<style>.elementor-element-77cf67f .swiper-wrapper{--e-c-col:5}@media(max-width: 1599px){.elementor-element-77cf67f .swiper-wrapper{--e-c-col:5}}@media(max-width: 1279px){.elementor-element-77cf67f .swiper-wrapper{--e-c-col:5}}@media(max-width: 991px){.elementor-element-77cf67f .swiper-wrapper{--e-c-col:4}}@media(max-width: 767px){.elementor-element-77cf67f .swiper-wrapper{--e-c-col:2}}<\/style><div class=\"lakit-carousel lakit-carousel--simple\" data-slider_options=\"{&quot;content_selector&quot;:&quot;.lakit-carousel__content&quot;,&quot;content_effect_in&quot;:&quot;fadeInUp&quot;,&quot;content_effect_out&quot;:&quot;fadeOutDown&quot;,&quot;slidesToScroll&quot;:{&quot;desktop&quot;:&quot;1&quot;,&quot;laptop&quot;:&quot;1&quot;,&quot;tablet&quot;:&quot;1&quot;,&quot;mobile_extra&quot;:&quot;1&quot;},&quot;rows&quot;:{&quot;desktop&quot;:&quot;1&quot;,&quot;laptop&quot;:&quot;1&quot;,&quot;tablet&quot;:&quot;1&quot;,&quot;mobile_extra&quot;:&quot;1&quot;},&quot;autoplaySpeed&quot;:9000,&quot;autoplay&quot;:false,&quot;infinite&quot;:true,&quot;centerMode&quot;:false,&quot;pauseOnHover&quot;:false,&quot;pauseOnInteraction&quot;:false,&quot;reverseDirection&quot;:false,&quot;infiniteEffect&quot;:false,&quot;speed&quot;:500,&quot;arrows&quot;:false,&quot;dots&quot;:false,&quot;variableWidth&quot;:false,&quot;prevArrow&quot;:&quot;.lakit-carousel__prev-arrow-77cf67f&quot;,&quot;nextArrow&quot;:&quot;.lakit-carousel__next-arrow-77cf67f&quot;,&quot;dotsElm&quot;:&quot;.lakit-carousel__dots_77cf67f&quot;,&quot;rtl&quot;:false,&quot;effect&quot;:&quot;slide&quot;,&quot;coverflowEffect&quot;:{&quot;rotate&quot;:null,&quot;stretch&quot;:null,&quot;depth&quot;:null,&quot;modifier&quot;:null,&quot;scale&quot;:null},&quot;creativeEffect&quot;:{&quot;translateX&quot;:100},&quot;dotType&quot;:&quot;bullets&quot;,&quot;direction&quot;:&quot;horizontal&quot;,&quot;uniqueID&quot;:&quot;lakit_carousel_77cf67f&quot;,&quot;asFor&quot;:&quot;&quot;,&quot;thumbs&quot;:&quot;&quot;,&quot;autoHeight&quot;:false,&quot;scrollbar&quot;:{&quot;enabled&quot;:false,&quot;el&quot;:&quot;.lakit-carousel__scrollbar_77cf67f&quot;},&quot;directionbkp&quot;:{&quot;desktop&quot;:&quot;horizontal&quot;,&quot;laptop&quot;:&quot;horizontal&quot;,&quot;tablet&quot;:&quot;horizontal&quot;,&quot;mobile_extra&quot;:&quot;horizontal&quot;},&quot;slidesToShow&quot;:{&quot;desktop&quot;:&quot;5&quot;,&quot;mobile&quot;:&quot;2&quot;,&quot;mobile_extra&quot;:&quot;4&quot;,&quot;laptop&quot;:&quot;5&quot;,&quot;tablet&quot;:&quot;5&quot;}}\" dir=\"ltr\">\n    <div class=\"lakit-carousel-inner\"><div class=\"swiper-container\" id=\"lakit_carousel_77cf67f\"><div class=\"swiper-wrapper\">\n<div class=\"lakit-carousel__item swiper-slide\">\n\t<div class=\"lakit-carousel__item-inner\">\n                <a class=\"lakit-carousel__item-link\" ><img decoding=\"async\" width=\"130\" height=\"100\" src=\"https:\/\/karmanoutdoors.com\/wp-content\/uploads\/2026\/01\/Diseno-sin-titulo-9.png\" class=\"lakit-carousel__item-img attachment-full size-full wp-image-3781\" alt=\"\" \/><\/a><div class=\"lakit-carousel__content\"><\/div>        <\/div>\n<\/div>\n<div class=\"lakit-carousel__item swiper-slide\">\n\t<div class=\"lakit-carousel__item-inner\">\n                <a class=\"lakit-carousel__item-link\" ><img decoding=\"async\" width=\"130\" height=\"100\" src=\"https:\/\/karmanoutdoors.com\/wp-content\/uploads\/2026\/01\/Diseno-sin-titulo-11.png\" class=\"lakit-carousel__item-img attachment-full size-full wp-image-3783\" alt=\"\" \/><\/a><div class=\"lakit-carousel__content\"><\/div>        <\/div>\n<\/div>\n<div class=\"lakit-carousel__item swiper-slide\">\n\t<div class=\"lakit-carousel__item-inner\">\n                <a class=\"lakit-carousel__item-link\" ><img decoding=\"async\" width=\"130\" height=\"100\" src=\"https:\/\/karmanoutdoors.com\/wp-content\/uploads\/2026\/01\/Diseno-sin-titulo-12.png\" class=\"lakit-carousel__item-img attachment-full size-full wp-image-3784\" alt=\"\" \/><\/a><div class=\"lakit-carousel__content\"><\/div>        <\/div>\n<\/div>\n<div class=\"lakit-carousel__item swiper-slide\">\n\t<div class=\"lakit-carousel__item-inner\">\n                <a class=\"lakit-carousel__item-link\" ><img loading=\"lazy\" decoding=\"async\" width=\"130\" height=\"100\" src=\"https:\/\/karmanoutdoors.com\/wp-content\/uploads\/2026\/01\/Diseno-sin-titulo-14.png\" class=\"lakit-carousel__item-img attachment-full size-full wp-image-3785\" alt=\"\" \/><\/a><div class=\"lakit-carousel__content\"><\/div>        <\/div>\n<\/div>\n<div class=\"lakit-carousel__item swiper-slide\">\n\t<div class=\"lakit-carousel__item-inner\">\n                <a class=\"lakit-carousel__item-link\" ><img loading=\"lazy\" decoding=\"async\" width=\"130\" height=\"100\" src=\"https:\/\/karmanoutdoors.com\/wp-content\/uploads\/2026\/01\/Diseno-sin-titulo-15.png\" class=\"lakit-carousel__item-img attachment-full size-full wp-image-3786\" alt=\"\" \/><\/a><div class=\"lakit-carousel__content\"><\/div>        <\/div>\n<\/div>\n<div class=\"lakit-carousel__item swiper-slide\">\n\t<div class=\"lakit-carousel__item-inner\">\n                <a class=\"lakit-carousel__item-link\" ><img loading=\"lazy\" decoding=\"async\" width=\"130\" height=\"100\" src=\"https:\/\/karmanoutdoors.com\/wp-content\/uploads\/2026\/01\/Diseno-sin-titulo-16.png\" class=\"lakit-carousel__item-img attachment-full size-full wp-image-3787\" alt=\"\" \/><\/a><div class=\"lakit-carousel__content\"><\/div>        <\/div>\n<\/div>\n<\/div><\/div><\/div><\/div>\t\t\t\t<\/div>\n\t\t\t\t<\/div>\n\t\t\t\t<\/div>\n\t\t","protected":false},"excerpt":{"rendered":"<p>\u00bfQui\u00e9nes somos? Somos Karman Outdoors &#8211; Season 2026 Karman Outdoors Karman Outdoors es una empresa especializada en la fabricaci\u00f3n de mobiliario de exterior en aluminio de alto rendimiento. Producimos sillones, reposeras, camastros, barras, banquetas y productos complementarios con estructuras de aluminio de primera calidad, \u00edntegramente soldadas, lo que garantiza estabilidad estructural,&hellip;<\/p>\n","protected":false},"author":1,"featured_media":0,"parent":0,"menu_order":0,"comment_status":"closed","ping_status":"closed","template":"","meta":{"footnotes":""},"class_list":["post-1633","page","type-page","status-publish","hentry"],"jetpack_sharing_enabled":true,"_links":{"self":[{"href":"https:\/\/karmanoutdoors.com\/index.php\/wp-json\/wp\/v2\/pages\/1633","targetHints":{"allow":["GET"]}}],"collection":[{"href":"https:\/\/karmanoutdoors.com\/index.php\/wp-json\/wp\/v2\/pages"}],"about":[{"href":"https:\/\/karmanoutdoors.com\/index.php\/wp-json\/wp\/v2\/types\/page"}],"author":[{"embeddable":true,"href":"https:\/\/karmanoutdoors.com\/index.php\/wp-json\/wp\/v2\/users\/1"}],"replies":[{"embeddable":true,"href":"https:\/\/karmanoutdoors.com\/index.php\/wp-json\/wp\/v2\/comments?post=1633"}],"version-history":[{"count":24,"href":"https:\/\/karmanoutdoors.com\/index.php\/wp-json\/wp\/v2\/pages\/1633\/revisions"}],"predecessor-version":[{"id":3948,"href":"https:\/\/karmanoutdoors.com\/index.php\/wp-json\/wp\/v2\/pages\/1633\/revisions\/3948"}],"wp:attachment":[{"href":"https:\/\/karmanoutdoors.com\/index.php\/wp-json\/wp\/v2\/media?parent=1633"}],"curies":[{"name":"wp","href":"https:\/\/api.w.org\/{rel}","templated":true}]}}