{"id":2750,"date":"2025-05-02T16:05:32","date_gmt":"2025-05-02T16:05:32","guid":{"rendered":"https:\/\/karmanoutdoors.com\/?post_type=product&#038;p=2750"},"modified":"2026-01-08T13:17:22","modified_gmt":"2026-01-08T13:17:22","slug":"white-marble-top-dining-table","status":"publish","type":"product","link":"https:\/\/karmanoutdoors.com\/index.php\/product\/white-marble-top-dining-table\/","title":{"rendered":"Mesa Ratona Malib\u00fa"},"content":{"rendered":"<div class=\"product_desc-row\">\n<div class=\"product_desc-img\"><img fetchpriority=\"high\" decoding=\"async\" class=\"size-full wp-image-3178 alignleft\" src=\"https:\/\/karmanoutdoors.com\/wp-content\/uploads\/2025\/05\/WhatsApp-Image-2025-07-22-at-16.49.19.jpeg\" alt=\"\" width=\"735\" height=\"470\" \/><\/div>\n<div class=\"product_desc-desc\">\n<p><strong>L\u00ednea Malib\u00fa de Karman Al aire libre<\/strong><\/p>\n<p>Esta mesa ratona est\u00e1 pensada para quienes buscan comodidad, dise\u00f1o y resistencia en un solo producto. Fabricado en <strong data-start=\"341\" data-end=\"367\">aluminio 100% soldado<\/strong>, es\u00a0<strong data-start=\"372\" data-end=\"400\">liviano y f\u00e1cil de mover<\/strong>, ideal para adaptarse a diferentes espacios y necesidades sin esfuerzo, pensados para resistir el uso diario con muy <strong data-start=\"951\" data-end=\"973\">bajo mantenimiento.<\/strong><\/p>\n<h4><\/h4>\n<\/div>\n<\/div>\n","protected":false},"excerpt":{"rendered":"<p><span style=\"vertical-align: inherit;\"><span style=\"vertical-align: inherit;\">Esta mesa combina comodidad y estilo con l\u00edneas geom\u00e9tricas puras que realzan cualquier espacio exterior. Su estructura s\u00f3lida y minimalista no solo aporta un toque moderno y sofisticado, sino que tambi\u00e9n garantiza una excelente durabilidad frente al paso del tiempo. Con un dise\u00f1o diferente y exclusivo, est\u00e1n pensados para quienes buscan destacar con piezas \u00fanicas y funcionales en su hogar.<\/span><\/span><\/p>\n","protected":false},"featured_media":3114,"comment_status":"open","ping_status":"closed","template":"","meta":[],"product_brand":[],"product_cat":[76,70,78,88],"product_tag":[67,93,89,91],"class_list":{"0":"post-2750","1":"product","2":"type-product","3":"status-publish","4":"has-post-thumbnail","6":"product_cat-linea-malibu","7":"product_cat-living","8":"product_cat-mesas-bajas","9":"product_cat-todos-los-productos","10":"product_tag-aluminio","11":"product_tag-malibu","12":"product_tag-mesas","13":"product_tag-muebles","15":"first","16":"instock","17":"taxable","18":"shipping-taxable","19":"product-type-simple"},"jetpack_sharing_enabled":true,"_links":{"self":[{"href":"https:\/\/karmanoutdoors.com\/index.php\/wp-json\/wp\/v2\/product\/2750","targetHints":{"allow":["GET"]}}],"collection":[{"href":"https:\/\/karmanoutdoors.com\/index.php\/wp-json\/wp\/v2\/product"}],"about":[{"href":"https:\/\/karmanoutdoors.com\/index.php\/wp-json\/wp\/v2\/types\/product"}],"replies":[{"embeddable":true,"href":"https:\/\/karmanoutdoors.com\/index.php\/wp-json\/wp\/v2\/comments?post=2750"}],"wp:featuredmedia":[{"embeddable":true,"href":"https:\/\/karmanoutdoors.com\/index.php\/wp-json\/wp\/v2\/media\/3114"}],"wp:attachment":[{"href":"https:\/\/karmanoutdoors.com\/index.php\/wp-json\/wp\/v2\/media?parent=2750"}],"wp:term":[{"taxonomy":"product_brand","embeddable":true,"href":"https:\/\/karmanoutdoors.com\/index.php\/wp-json\/wp\/v2\/product_brand?post=2750"},{"taxonomy":"product_cat","embeddable":true,"href":"https:\/\/karmanoutdoors.com\/index.php\/wp-json\/wp\/v2\/product_cat?post=2750"},{"taxonomy":"product_tag","embeddable":true,"href":"https:\/\/karmanoutdoors.com\/index.php\/wp-json\/wp\/v2\/product_tag?post=2750"}],"curies":[{"name":"wp","href":"https:\/\/api.w.org\/{rel}","templated":true}]}}